{"id":3292,"date":"2018-12-11T16:07:52","date_gmt":"2020-01-29T01:40:52","guid":{"rendered":"https:\/\/budgetroof.eu\/product\/isolatie-aluminium\/"},"modified":"2021-10-20T10:20:09","modified_gmt":"2021-10-20T10:20:09","slug":"isolation-aluminium","status":"publish","type":"product","link":"https:\/\/budgetroof.eu\/fr\/produit\/isolation-aluminium\/","title":{"rendered":"Isolation \u2013 Aluminium"},"content":{"rendered":"[vc_row type=&#8221;in_container&#8221; full_screen_row_position=&#8221;middle&#8221; scene_position=&#8221;center&#8221; text_color=&#8221;dark&#8221; text_align=&#8221;left&#8221; overlay_strength=&#8221;0.3&#8243; shape_divider_position=&#8221;bottom&#8221; bg_image_animation=&#8221;none&#8221;][vc_column column_padding=&#8221;no-extra-padding&#8221; column_padding_position=&#8221;all&#8221; background_color_opacity=&#8221;1&#8243; background_hover_color_opacity=&#8221;1&#8243; column_link_target=&#8221;_self&#8221; column_shadow=&#8221;none&#8221; column_border_radius=&#8221;none&#8221; width=&#8221;1\/1&#8243; tablet_width_inherit=&#8221;default&#8221; tablet_text_alignment=&#8221;default&#8221; phone_text_alignment=&#8221;default&#8221; column_border_width=&#8221;none&#8221; column_border_style=&#8221;solid&#8221; bg_image_animation=&#8221;none&#8221;][vc_column_text]isolation de toiture, isolation de fa\u00e7ade, isolation de sol (choix de molleton aluminium ou verre min\u00e9ral blanc)<\/p>\n<p dir=\"ltr\"><em><strong>Qu&#8217;entendons-nous par isolement occasionnel ?<\/strong><\/em><\/p>\n<p dir=\"ltr\">Lors du d\u00e9marrage de lignes de production d&#8217;isolant en mousse comme l&#8217;isolant PUR ou PIR, il faut un certain temps pour que l&#8217;ensemble du dispositif de production fonctionne correctement. Cela peut conduire \u00e0 des diff\u00e9rences entre les diff\u00e9rents lots de production avec pour r\u00e9sultat que cette isolation, qui doit r\u00e9pondre \u00e0 certaines qualit\u00e9s d&#8217;isolation, ne peut pas \u00eatre vendue en grade A.<\/p>\n<p dir=\"ltr\">Ces feuilles sont id\u00e9ales pour les applications dans les planchers, les murs creux, les toits en pente et les toits plats. Et c&#8217;est donc\u2026 une alternative pas ch\u00e8re ! Les mat\u00e9riaux choix B sont donc rejet\u00e9s suite \u00e0 une ou plusieurs des exigences de qualit\u00e9 du fabricant.<\/p>\n<p>La valeur R indique la r\u00e9sistance \u00e0 la chaleur d&#8217;un mat\u00e9riau, alors exprim\u00e9e en m\u00b2K\/W. Plus la valeur R est \u00e9lev\u00e9e, meilleure est l&#8217;isolation thermique du mat\u00e9riau[\/vc_column_text][nectar_highlighted_text highlight_color=&#8221;#db1b52&#8243; style=&#8221;half_text&#8221;]LIVRAISON GRATUITE \u00c0 PARTIR DE 1000\u00a0\u20ac HT[\/nectar_highlighted_text][vc_column_text]<strong><em>\u00c9galement disponible dans d&#8217;autres longueur (120-250 cm) <em>Sur demande<\/em> \u00e0 partir de 100 m\u00b2 <\/em><\/strong>[\/vc_column_text][nectar_btn size=&#8221;small&#8221; button_style=&#8221;regular&#8221; button_color_2=&#8221;Accent-Color&#8221; icon_family=&#8221;none&#8221; url=&#8221;mailto:info@budgetroof.eu&#8221; text=&#8221;info@budgetroof.eu&#8221;][\/vc_column][\/vc_row]\n","protected":false},"excerpt":{"rendered":"<p>[vc_row type=&#8221;in_container&#8221; full_screen_row_position=&#8221;middle&#8221; scene_position=&#8221;center&#8221; text_color=&#8221;dark&#8221; text_align=&#8221;left&#8221; overlay_strength=&#8221;0.3&#8243; shape_divider_position=&#8221;bottom&#8221; bg_image_animation=&#8221;none&#8221;][vc_column column_padding=&#8221;no-extra-padding&#8221; column_padding_position=&#8221;all&#8221; background_color_opacity=&#8221;1&#8243; background_hover_color_opacity=&#8221;1&#8243; column_link_target=&#8221;_self&#8221; column_shadow=&#8221;none&#8221; column_border_radius=&#8221;none&#8221; width=&#8221;1\/1&#8243; tablet_width_inherit=&#8221;default&#8221; tablet_text_alignment=&#8221;default&#8221; phone_text_alignment=&#8221;default&#8221; column_border_width=&#8221;none&#8221; column_border_style=&#8221;solid&#8221; bg_image_animation=&#8221;none&#8221;][vc_column_text]isolation de toiture, isolation de fa\u00e7ade, isolation de&#8230;<\/p>\n","protected":false},"featured_media":4192,"template":"","meta":{"inline_featured_image":false},"product_brand":[],"product_cat":[64],"product_tag":[],"class_list":{"0":"post-3292","1":"product","2":"type-product","3":"status-publish","4":"has-post-thumbnail","6":"product_cat-isolation-pir","8":"first","9":"instock","10":"taxable","11":"shipping-taxable","12":"product-type-variable"},"yoast_head":"<!-- This site is optimized with the Yoast SEO plugin v27.5 - https:\/\/yoast.com\/product\/yoast-seo-wordpress\/ -->\n<title>Isolation \u2013 Aluminium - Budgetroof<\/title>\n<meta name=\"robots\" content=\"index, follow, max-snippet:-1, max-image-preview:large, max-video-preview:-1\" \/>\n<link rel=\"canonical\" href=\"https:\/\/budgetroof.eu\/fr\/produit\/isolation-aluminium\/\" \/>\n<meta property=\"og:locale\" content=\"fr_FR\" \/>\n<meta property=\"og:type\" content=\"article\" \/>\n<meta property=\"og:title\" content=\"Isolation \u2013 Aluminium - Budgetroof\" \/>\n<meta property=\"og:description\" content=\"[vc_row type=&#8221;in_container&#8221; full_screen_row_position=&#8221;middle&#8221; scene_position=&#8221;center&#8221; text_color=&#8221;dark&#8221; text_align=&#8221;left&#8221; overlay_strength=&#8221;0.3&#8243; shape_divider_position=&#8221;bottom&#8221; bg_image_animation=&#8221;none&#8221;][vc_column column_padding=&#8221;no-extra-padding&#8221; column_padding_position=&#8221;all&#8221; background_color_opacity=&#8221;1&#8243; background_hover_color_opacity=&#8221;1&#8243; column_link_target=&#8221;_self&#8221; column_shadow=&#8221;none&#8221; column_border_radius=&#8221;none&#8221; width=&#8221;1\/1&#8243; tablet_width_inherit=&#8221;default&#8221; tablet_text_alignment=&#8221;default&#8221; phone_text_alignment=&#8221;default&#8221; column_border_width=&#8221;none&#8221; column_border_style=&#8221;solid&#8221; bg_image_animation=&#8221;none&#8221;][vc_column_text]isolation de toiture, isolation de fa\u00e7ade, isolation de...\" \/>\n<meta property=\"og:url\" content=\"https:\/\/budgetroof.eu\/fr\/produit\/isolation-aluminium\/\" \/>\n<meta property=\"og:site_name\" content=\"Budgetroof\" \/>\n<meta property=\"article:modified_time\" content=\"2021-10-20T10:20:09+00:00\" \/>\n<meta property=\"og:image\" content=\"https:\/\/budgetroof.eu\/wp-content\/uploads\/2019\/03\/PIR.jpg\" \/>\n\t<meta property=\"og:image:width\" content=\"1080\" \/>\n\t<meta property=\"og:image:height\" content=\"1080\" \/>\n\t<meta property=\"og:image:type\" content=\"image\/jpeg\" \/>\n<meta name=\"twitter:card\" content=\"summary_large_image\" \/>\n<meta name=\"twitter:label1\" content=\"Dur\u00e9e de lecture estim\u00e9e\" \/>\n\t<meta name=\"twitter:data1\" content=\"2 minutes\" \/>\n<script type=\"application\/ld+json\" class=\"yoast-schema-graph\">{\"@context\":\"https:\\\/\\\/schema.org\",\"@graph\":[{\"@type\":\"WebPage\",\"@id\":\"https:\\\/\\\/budgetroof.eu\\\/fr\\\/produit\\\/isolation-aluminium\\\/\",\"url\":\"https:\\\/\\\/budgetroof.eu\\\/fr\\\/produit\\\/isolation-aluminium\\\/\",\"name\":\"Isolation \u2013 Aluminium - Budgetroof\",\"isPartOf\":{\"@id\":\"https:\\\/\\\/budgetroof.eu\\\/fr\\\/#website\"},\"primaryImageOfPage\":{\"@id\":\"https:\\\/\\\/budgetroof.eu\\\/fr\\\/produit\\\/isolation-aluminium\\\/#primaryimage\"},\"image\":{\"@id\":\"https:\\\/\\\/budgetroof.eu\\\/fr\\\/produit\\\/isolation-aluminium\\\/#primaryimage\"},\"thumbnailUrl\":\"https:\\\/\\\/budgetroof.eu\\\/wp-content\\\/uploads\\\/2019\\\/03\\\/PIR.jpg\",\"datePublished\":\"2020-01-29T01:40:52+00:00\",\"dateModified\":\"2021-10-20T10:20:09+00:00\",\"breadcrumb\":{\"@id\":\"https:\\\/\\\/budgetroof.eu\\\/fr\\\/produit\\\/isolation-aluminium\\\/#breadcrumb\"},\"inLanguage\":\"fr-FR\",\"potentialAction\":[{\"@type\":\"ReadAction\",\"target\":[\"https:\\\/\\\/budgetroof.eu\\\/fr\\\/produit\\\/isolation-aluminium\\\/\"]}]},{\"@type\":\"ImageObject\",\"inLanguage\":\"fr-FR\",\"@id\":\"https:\\\/\\\/budgetroof.eu\\\/fr\\\/produit\\\/isolation-aluminium\\\/#primaryimage\",\"url\":\"https:\\\/\\\/budgetroof.eu\\\/wp-content\\\/uploads\\\/2019\\\/03\\\/PIR.jpg\",\"contentUrl\":\"https:\\\/\\\/budgetroof.eu\\\/wp-content\\\/uploads\\\/2019\\\/03\\\/PIR.jpg\",\"width\":1080,\"height\":1080},{\"@type\":\"BreadcrumbList\",\"@id\":\"https:\\\/\\\/budgetroof.eu\\\/fr\\\/produit\\\/isolation-aluminium\\\/#breadcrumb\",\"itemListElement\":[{\"@type\":\"ListItem\",\"position\":1,\"name\":\"Home\",\"item\":\"https:\\\/\\\/budgetroof.eu\\\/fr\\\/\"},{\"@type\":\"ListItem\",\"position\":2,\"name\":\"Produits\",\"item\":\"https:\\\/\\\/budgetroof.eu\\\/fr\\\/boutique\\\/\"},{\"@type\":\"ListItem\",\"position\":3,\"name\":\"Isolation \u2013 Aluminium\"}]},{\"@type\":\"WebSite\",\"@id\":\"https:\\\/\\\/budgetroof.eu\\\/fr\\\/#website\",\"url\":\"https:\\\/\\\/budgetroof.eu\\\/fr\\\/\",\"name\":\"Budgetroof\",\"description\":\"Mat\u00e9riaux de toiture professionnels\",\"publisher\":{\"@id\":\"https:\\\/\\\/budgetroof.eu\\\/fr\\\/#organization\"},\"potentialAction\":[{\"@type\":\"SearchAction\",\"target\":{\"@type\":\"EntryPoint\",\"urlTemplate\":\"https:\\\/\\\/budgetroof.eu\\\/fr\\\/?s={search_term_string}\"},\"query-input\":{\"@type\":\"PropertyValueSpecification\",\"valueRequired\":true,\"valueName\":\"search_term_string\"}}],\"inLanguage\":\"fr-FR\"},{\"@type\":\"Organization\",\"@id\":\"https:\\\/\\\/budgetroof.eu\\\/fr\\\/#organization\",\"name\":\"Budgetroof\",\"url\":\"https:\\\/\\\/budgetroof.eu\\\/fr\\\/\",\"logo\":{\"@type\":\"ImageObject\",\"inLanguage\":\"fr-FR\",\"@id\":\"https:\\\/\\\/budgetroof.eu\\\/fr\\\/#\\\/schema\\\/logo\\\/image\\\/\",\"url\":\"https:\\\/\\\/budgetroof.eu\\\/wp-content\\\/uploads\\\/2020\\\/01\\\/Logo-Black-Small.png\",\"contentUrl\":\"https:\\\/\\\/budgetroof.eu\\\/wp-content\\\/uploads\\\/2020\\\/01\\\/Logo-Black-Small.png\",\"width\":251,\"height\":61,\"caption\":\"Budgetroof\"},\"image\":{\"@id\":\"https:\\\/\\\/budgetroof.eu\\\/fr\\\/#\\\/schema\\\/logo\\\/image\\\/\"}}]}<\/script>\n<!-- \/ Yoast SEO plugin. -->","yoast_head_json":{"title":"Isolation \u2013 Aluminium - Budgetroof","robots":{"index":"index","follow":"follow","max-snippet":"max-snippet:-1","max-image-preview":"max-image-preview:large","max-video-preview":"max-video-preview:-1"},"canonical":"https:\/\/budgetroof.eu\/fr\/produit\/isolation-aluminium\/","og_locale":"fr_FR","og_type":"article","og_title":"Isolation \u2013 Aluminium - Budgetroof","og_description":"[vc_row type=&#8221;in_container&#8221; full_screen_row_position=&#8221;middle&#8221; scene_position=&#8221;center&#8221; text_color=&#8221;dark&#8221; text_align=&#8221;left&#8221; overlay_strength=&#8221;0.3&#8243; shape_divider_position=&#8221;bottom&#8221; bg_image_animation=&#8221;none&#8221;][vc_column column_padding=&#8221;no-extra-padding&#8221; column_padding_position=&#8221;all&#8221; background_color_opacity=&#8221;1&#8243; background_hover_color_opacity=&#8221;1&#8243; column_link_target=&#8221;_self&#8221; column_shadow=&#8221;none&#8221; column_border_radius=&#8221;none&#8221; width=&#8221;1\/1&#8243; tablet_width_inherit=&#8221;default&#8221; tablet_text_alignment=&#8221;default&#8221; phone_text_alignment=&#8221;default&#8221; column_border_width=&#8221;none&#8221; column_border_style=&#8221;solid&#8221; bg_image_animation=&#8221;none&#8221;][vc_column_text]isolation de toiture, isolation de fa\u00e7ade, isolation de...","og_url":"https:\/\/budgetroof.eu\/fr\/produit\/isolation-aluminium\/","og_site_name":"Budgetroof","article_modified_time":"2021-10-20T10:20:09+00:00","og_image":[{"width":1080,"height":1080,"url":"https:\/\/budgetroof.eu\/wp-content\/uploads\/2019\/03\/PIR.jpg","type":"image\/jpeg"}],"twitter_card":"summary_large_image","twitter_misc":{"Dur\u00e9e de lecture estim\u00e9e":"2 minutes"},"schema":{"@context":"https:\/\/schema.org","@graph":[{"@type":"WebPage","@id":"https:\/\/budgetroof.eu\/fr\/produit\/isolation-aluminium\/","url":"https:\/\/budgetroof.eu\/fr\/produit\/isolation-aluminium\/","name":"Isolation \u2013 Aluminium - Budgetroof","isPartOf":{"@id":"https:\/\/budgetroof.eu\/fr\/#website"},"primaryImageOfPage":{"@id":"https:\/\/budgetroof.eu\/fr\/produit\/isolation-aluminium\/#primaryimage"},"image":{"@id":"https:\/\/budgetroof.eu\/fr\/produit\/isolation-aluminium\/#primaryimage"},"thumbnailUrl":"https:\/\/budgetroof.eu\/wp-content\/uploads\/2019\/03\/PIR.jpg","datePublished":"2020-01-29T01:40:52+00:00","dateModified":"2021-10-20T10:20:09+00:00","breadcrumb":{"@id":"https:\/\/budgetroof.eu\/fr\/produit\/isolation-aluminium\/#breadcrumb"},"inLanguage":"fr-FR","potentialAction":[{"@type":"ReadAction","target":["https:\/\/budgetroof.eu\/fr\/produit\/isolation-aluminium\/"]}]},{"@type":"ImageObject","inLanguage":"fr-FR","@id":"https:\/\/budgetroof.eu\/fr\/produit\/isolation-aluminium\/#primaryimage","url":"https:\/\/budgetroof.eu\/wp-content\/uploads\/2019\/03\/PIR.jpg","contentUrl":"https:\/\/budgetroof.eu\/wp-content\/uploads\/2019\/03\/PIR.jpg","width":1080,"height":1080},{"@type":"BreadcrumbList","@id":"https:\/\/budgetroof.eu\/fr\/produit\/isolation-aluminium\/#breadcrumb","itemListElement":[{"@type":"ListItem","position":1,"name":"Home","item":"https:\/\/budgetroof.eu\/fr\/"},{"@type":"ListItem","position":2,"name":"Produits","item":"https:\/\/budgetroof.eu\/fr\/boutique\/"},{"@type":"ListItem","position":3,"name":"Isolation \u2013 Aluminium"}]},{"@type":"WebSite","@id":"https:\/\/budgetroof.eu\/fr\/#website","url":"https:\/\/budgetroof.eu\/fr\/","name":"Budgetroof","description":"Mat\u00e9riaux de toiture professionnels","publisher":{"@id":"https:\/\/budgetroof.eu\/fr\/#organization"},"potentialAction":[{"@type":"SearchAction","target":{"@type":"EntryPoint","urlTemplate":"https:\/\/budgetroof.eu\/fr\/?s={search_term_string}"},"query-input":{"@type":"PropertyValueSpecification","valueRequired":true,"valueName":"search_term_string"}}],"inLanguage":"fr-FR"},{"@type":"Organization","@id":"https:\/\/budgetroof.eu\/fr\/#organization","name":"Budgetroof","url":"https:\/\/budgetroof.eu\/fr\/","logo":{"@type":"ImageObject","inLanguage":"fr-FR","@id":"https:\/\/budgetroof.eu\/fr\/#\/schema\/logo\/image\/","url":"https:\/\/budgetroof.eu\/wp-content\/uploads\/2020\/01\/Logo-Black-Small.png","contentUrl":"https:\/\/budgetroof.eu\/wp-content\/uploads\/2020\/01\/Logo-Black-Small.png","width":251,"height":61,"caption":"Budgetroof"},"image":{"@id":"https:\/\/budgetroof.eu\/fr\/#\/schema\/logo\/image\/"}}]}},"_links":{"self":[{"href":"https:\/\/budgetroof.eu\/fr\/wp-json\/wp\/v2\/product\/3292","targetHints":{"allow":["GET"]}}],"collection":[{"href":"https:\/\/budgetroof.eu\/fr\/wp-json\/wp\/v2\/product"}],"about":[{"href":"https:\/\/budgetroof.eu\/fr\/wp-json\/wp\/v2\/types\/product"}],"wp:featuredmedia":[{"embeddable":true,"href":"https:\/\/budgetroof.eu\/fr\/wp-json\/wp\/v2\/media\/4192"}],"wp:attachment":[{"href":"https:\/\/budgetroof.eu\/fr\/wp-json\/wp\/v2\/media?parent=3292"}],"wp:term":[{"taxonomy":"product_brand","embeddable":true,"href":"https:\/\/budgetroof.eu\/fr\/wp-json\/wp\/v2\/product_brand?post=3292"},{"taxonomy":"product_cat","embeddable":true,"href":"https:\/\/budgetroof.eu\/fr\/wp-json\/wp\/v2\/product_cat?post=3292"},{"taxonomy":"product_tag","embeddable":true,"href":"https:\/\/budgetroof.eu\/fr\/wp-json\/wp\/v2\/product_tag?post=3292"}],"curies":[{"name":"wp","href":"https:\/\/api.w.org\/{rel}","templated":true}]}}